{"id":4091,"date":"2020-06-25T17:35:21","date_gmt":"2020-06-25T14:35:21","guid":{"rendered":"https:\/\/grader.ee\/teenused\/"},"modified":"2025-06-19T14:03:09","modified_gmt":"2025-06-19T11:03:09","slug":"%d1%83%d1%81%d0%bb%d1%83%d0%b3%d0%b8","status":"publish","type":"page","link":"https:\/\/grader.ee\/ru\/%d1%83%d1%81%d0%bb%d1%83%d0%b3%d0%b8\/","title":{"rendered":"\u0423\u0441\u043b\u0443\u0433\u0438"},"content":{"rendered":"\n<div id=\"block_e3d529652cf4443a925a8487b2e3a308\" class=\"featured-text-widget\">\n  <div class=\"wrap\">\n    <h2>Teenused<\/h2>    <p>Meie poolt pakutavad teenused:<\/p>    <div class=\"featured-text-widget-columns\">\n      <div class=\"featured-text-widget-column featured-text-widget-column-left\">\n        <ul>\n<li>Teeh\u00f6\u00f6vlite remont ja hooldus (s\u00f5ltumata margist ja mudelist);<\/li>\n<li>Metalldetailide l\u00f5ikus (enamasti Hardox) CNC plasmapingis;<\/li>\n<li>Termiline t\u00f6\u00f6tlemine;<\/li>\n<li>Trei- ja freesimist\u00f6\u00f6d nii manuaal kui ka CNC-pingis;<\/li>\n<li>Kuluterade tootmine sahkadele ja koppadele: sh. eritellimusel boorteras, Bruxite ja HARDOX;<\/li>\n<li>Rootorniidukite terade tootmine ja m\u00fc\u00fck;<\/li>\n<li>Laadurikoppade remont;<\/li>\n<li>Kaeve- ja planeerimiskoppide remont, sh. huule, p\u00f5hja, kuluribade vahetamine, l\u00f5tkude k\u00f5rvaldamine, silindrite taastamine;<\/li>\n<li>Rasketehnika remont ja hooldus (sh mobiilse t\u00f6\u00f6koja v\u00f5imalus);<\/li>\n<li>Pinnasepuuride remont ja restaureerimine;<\/li>\n<li>Kivipurustusseadmete remont (rootorpurustite taastamine);<\/li>\n<li>Pinnase s\u00f5elumismasinate remont;<\/li>\n<li>Autode ja traktorite lisaseadmete tarbeks h\u00fcdros\u00fcsteemide ehitus;<\/li>\n<li>H\u00fcdraulikas\u00fcsteemide remont ja hooldus;<\/li>\n<li>H\u00fcdrosilindrite tootmine (erim\u00f5\u00f5dud);<\/li>\n<li>H\u00fcdrosilindrite remont;<\/li>\n<li>Teeh\u00f6\u00f6vlite ja buldooserite lisaseadmete tootmine ja paigaldus;<\/li>\n<li>Teehoolduss\u00f5idukite pealisehituste valmistamine ja paigaldus;<\/li>\n<li>Lumesahkade paigaldamine v\u00e4ikeveokitele (d\u017eiipidele).<\/li>\n<\/ul>\n      <\/div>\n    <\/div>\n  <\/div>\n  <style>\n  .featured-text-widget {\n    width: 100%;\n    padding: 100px 0;\n    background: #353535;\n  \ttext-align: center;\n  }\n  .featured-text-widget .wrap{\n  \tmax-width: 1200px;\n  }\n  .featured-text-widget h2 {\n    color: #ffffff;\n    font-size: 2.5em;\n    line-height: 1.5;\n    font-weight: 100;\n    margin: 20px 0;\n  }\n  .featured-text-widget p{\n  \tcolor: #ffffff;\n    font-size: 1.2em;\n    line-height: 1.5;\n    margin: 20px 0;\n  }\n  .featured-text-widget-columns{\n    display: flex;\n    flex-wrap: wrap;\n    justify-content:space-around;\n    text-align: left;\n    padding: 20px 0 0;\n  }\n  .featured-text-widget-columns img{\n    max-width: 100%;\n    height: auto;\n  }\n  .featured-text-widget-column{\n    width: 500px;\n    color: #ffffff;\n  }\n  .featured-text-widget-columns h2{\n    font-size: 1.7em;\n  }\n  .featured-text-widget-columns a{\n    color: #ffffff;\n    text-decoration: underline;\n  }\n  @media (max-width: 1300px) {\n    .featured-text-widget .button-query {\n     display: none;\n    }\n  }\n  @media (max-width: 1000px){\n    .featured-text-widget-column{\n      width: 100%;\n    }\n    .featured-text-widget h2 {\n      text-align: center;\n    }\n  }\n  @media (max-width: 800px){\n  \t.featured-text-widget {\n      padding: 50px 0;\n  \t}\n  \t.featured-text-widget h2 {\n      font-size: 2em;\n  \t}\n    .featured-text-widget h1 br,\n    .featured-text-widget h2 br{\n      display: none;\n    }\n  }\n  <\/style>\n<\/div>\n\n\n\n<div id=\"block_d2b1c7a33b96176b8919667c451e8458\" class=\"featured-gallery-wrap\">\n\n  \n  <div class=\"wrap featured-gallery\">\n                  <a href=\"\" class=\"featured-gallery-item\" data-src=\"https:\/\/grader.ee\/wp-content\/uploads\/2019\/12\/plasma.jpg\">\n          <img decoding=\"async\" src=\"https:\/\/grader.ee\/wp-content\/uploads\/2019\/12\/plasma-600x400.jpg\" alt=\"\">\n        <\/a>\n              <a href=\"\" class=\"featured-gallery-item\" data-src=\"https:\/\/grader.ee\/wp-content\/uploads\/2020\/07\/teenus-1-1500x1000.jpg\">\n          <img decoding=\"async\" src=\"https:\/\/grader.ee\/wp-content\/uploads\/2020\/07\/teenus-1-600x400.jpg\" alt=\"\">\n        <\/a>\n              <a href=\"\" class=\"featured-gallery-item\" data-src=\"https:\/\/grader.ee\/wp-content\/uploads\/2020\/07\/teenus-2-1500x1000.jpg\">\n          <img decoding=\"async\" src=\"https:\/\/grader.ee\/wp-content\/uploads\/2020\/07\/teenus-2-600x400.jpg\" alt=\"\">\n        <\/a>\n              <a href=\"\" class=\"featured-gallery-item\" data-src=\"https:\/\/grader.ee\/wp-content\/uploads\/2020\/07\/teenus-3-1500x1000.jpg\">\n          <img decoding=\"async\" src=\"https:\/\/grader.ee\/wp-content\/uploads\/2020\/07\/teenus-3-600x400.jpg\" alt=\"\">\n        <\/a>\n            <\/div>\n\n\n  <style>\n  .featured-gallery{\n    display: flex;\n    flex-wrap: wrap;\n    padding: 50px 0;\n  }\n  .featured-gallery-item{\n    width: 23%;\n    margin: 10px 1%;\n  }\n  .featured-gallery-item img{\n    width: 100%;\n    height: auto;\n  }\n  .lg-backdrop {\n    background-color: rgba(255, 221, 0, 0.95) !important;\n  }\n  .lg-toolbar {\n    background-color: rgba(0, 0, 0, 0) !important;\n  }\n  .lg-toolbar .lg-icon {\n    color: #fff !important;\n  }\n  .lg-actions .lg-next, .lg-actions .lg-prev {\n    background-color: rgba(0, 0, 0, 0) !important;\n    color: #fff !important;\n    font-size: 26px !important;\n  }\n  .gallery-block-title {\n    font-weight: 300;\n    text-align: center;\n    font-size: 2em;\n    margin: 50px 0 0;\n    padding: 0 45px;\n  }\n  @media (max-width: 1000px){\n    .featured-gallery-item{\n      width: 31.33333333333333%;\n    }\n  @media (max-width: 600px){\n    .featured-gallery-item{\n      width: 100%;\n      margin: 10px 0;\n    }\n  }\n  <\/style>\n  <script>\n    jQuery(document).ready( function($){\n      $('.featured-gallery').lightGallery({\n        thumbnail:false,\n        counter:false,\n        subHtmlSelectorRelative: true,\n        download: false\n      });\n    });\n  <\/script>\n<\/div>\n\n\n\n<p><\/p>\n","protected":false},"excerpt":{"rendered":"","protected":false},"author":1,"featured_media":0,"parent":0,"menu_order":0,"comment_status":"closed","ping_status":"closed","template":"","meta":{"_acf_changed":false,"footnotes":""},"class_list":["post-4091","page","type-page","status-publish","hentry"],"acf":[],"_links":{"self":[{"href":"https:\/\/grader.ee\/ru\/wp-json\/wp\/v2\/pages\/4091","targetHints":{"allow":["GET"]}}],"collection":[{"href":"https:\/\/grader.ee\/ru\/wp-json\/wp\/v2\/pages"}],"about":[{"href":"https:\/\/grader.ee\/ru\/wp-json\/wp\/v2\/types\/page"}],"author":[{"embeddable":true,"href":"https:\/\/grader.ee\/ru\/wp-json\/wp\/v2\/users\/1"}],"replies":[{"embeddable":true,"href":"https:\/\/grader.ee\/ru\/wp-json\/wp\/v2\/comments?post=4091"}],"version-history":[{"count":1,"href":"https:\/\/grader.ee\/ru\/wp-json\/wp\/v2\/pages\/4091\/revisions"}],"predecessor-version":[{"id":5423,"href":"https:\/\/grader.ee\/ru\/wp-json\/wp\/v2\/pages\/4091\/revisions\/5423"}],"wp:attachment":[{"href":"https:\/\/grader.ee\/ru\/wp-json\/wp\/v2\/media?parent=4091"}],"curies":[{"name":"wp","href":"https:\/\/api.w.org\/{rel}","templated":true}]}}