{"id":5199,"date":"2023-09-05T13:39:46","date_gmt":"2023-09-05T10:39:46","guid":{"rendered":"https:\/\/grader.ee\/?post_type=product&#038;p=5199"},"modified":"2023-09-05T16:07:38","modified_gmt":"2023-09-05T13:07:38","slug":"kovasulam-umarpalatera-ksup-25-kraadi-2","status":"publish","type":"product","link":"https:\/\/grader.ee\/en\/shop\/hardened-blades\/kovasulam-umarpalatera-ksup-25-kraadi-2\/","title":{"rendered":"K\u00f5vasulam \u00fcmarpalatera (KS\u00dcP) 25 kraadi"},"content":{"rendered":"<p><b>KS\u00dcP &#8211; j\u00e4\u00e4tera\u00a0<\/b><\/p>\n<p>Tootekood \u2013 m\u00f5\u00f5tmed (mm) \u2013 kaal (kg)<\/p>\n<p><span class=\"sku_wrapper\"><span class=\"sku\">400144.25<\/span><\/span> \u2013 12\/20 x 150 x 1220-d 13&#215;20 \u2013<\/p>\n<p><span class=\"sku_wrapper\"><span class=\"sku\">400133.25<\/span><\/span> \u2013 12\/20 x 150 x 915-d 13&#215;20 \u2013<\/p>\n<p><span class=\"sku_wrapper\"><span class=\"sku\">400132.25<\/span><\/span> \u2013 12\/20 x 150 x 792-d 13&#215;20 \u2013<\/p>\n<p><span class=\"sku_wrapper\"><span class=\"sku\">400132.25<\/span><\/span> \u2013 12\/20 x 150 x 610-d 13&#215;20 \u2013<\/p>\n","protected":false},"excerpt":{"rendered":"<p>Kasutada, kui saha nurk ei ole piisav (n\u00e4iteks: auto alussahad, linnasahad)<\/p>\n","protected":false},"featured_media":5179,"comment_status":"closed","ping_status":"closed","template":"","meta":{"_acf_changed":false},"product_brand":[],"product_cat":[109],"product_tag":[],"class_list":{"0":"post-5199","1":"product","2":"type-product","3":"status-publish","4":"has-post-thumbnail","6":"product_cat-kovasulam-terad","8":"first","9":"instock","10":"shipping-taxable","11":"product-type-simple"},"acf":[],"_links":{"self":[{"href":"https:\/\/grader.ee\/en\/wp-json\/wp\/v2\/product\/5199","targetHints":{"allow":["GET"]}}],"collection":[{"href":"https:\/\/grader.ee\/en\/wp-json\/wp\/v2\/product"}],"about":[{"href":"https:\/\/grader.ee\/en\/wp-json\/wp\/v2\/types\/product"}],"replies":[{"embeddable":true,"href":"https:\/\/grader.ee\/en\/wp-json\/wp\/v2\/comments?post=5199"}],"wp:featuredmedia":[{"embeddable":true,"href":"https:\/\/grader.ee\/en\/wp-json\/wp\/v2\/media\/5179"}],"wp:attachment":[{"href":"https:\/\/grader.ee\/en\/wp-json\/wp\/v2\/media?parent=5199"}],"wp:term":[{"taxonomy":"product_brand","embeddable":true,"href":"https:\/\/grader.ee\/en\/wp-json\/wp\/v2\/product_brand?post=5199"},{"taxonomy":"product_cat","embeddable":true,"href":"https:\/\/grader.ee\/en\/wp-json\/wp\/v2\/product_cat?post=5199"},{"taxonomy":"product_tag","embeddable":true,"href":"https:\/\/grader.ee\/en\/wp-json\/wp\/v2\/product_tag?post=5199"}],"curies":[{"name":"wp","href":"https:\/\/api.w.org\/{rel}","templated":true}]}}